{"id":33,"date":"2016-08-21T22:59:58","date_gmt":"2016-08-21T22:59:58","guid":{"rendered":"http:\/\/debian-economist.eu\/wp\/?page_id=33"},"modified":"2017-11-10T09:03:37","modified_gmt":"2017-11-10T09:03:37","slug":"about-me","status":"publish","type":"page","link":"https:\/\/debian-economist.eu\/wp\/?page_id=33","title":{"rendered":"About me"},"content":{"rendered":"<p>Hey, I am a Phd Student in economics. My research is about the financialization of the commodity markets. I talk about many other topics and in particular about politics.<\/p>\n<p>Je suis un \u00e9tudiant en doctorat d&rsquo;\u00e9conomie. J&rsquo;\u00e9cris des billets pour r\u00e2ler et parfois m&rsquo;exprimer de fa\u00e7on constructive. Je vous souhaite de trouver votre bonheur dans mes \u00e9lucubrations. J&rsquo;aime bien linux et debian d&rsquo;o\u00f9 le nom du blog accessoirement.<\/p>\n<p>Follow me on \/ Suis-moi sur:<\/p>\n<ul>\n<li><a href=\"https:\/\/www.facebook.com\/debianeconomist\/\">Facebook<\/a><\/li>\n<li><a href=\"https:\/\/twitter.com\/montchrestien\">twitter<\/a><\/li>\n<\/ul>\n<p>Suite \u00e0\u00a0 l&rsquo;affaire du Raptor Dissident, je pr\u00e9viens que:<\/p>\n<ol>\n<li>\u00a0Je supprime tout commentaire comportant une attaque personnelle.<\/li>\n<li>Je porterai plainte de fa\u00e7on syst\u00e9matique contre les auteurs de commentaires injurieux.<\/li>\n<li>Etant sur mon blog, je me r\u00e9serve le droit de faire la mod\u00e9ration que je souhaite \u00e0\u00a0 ma parfaite discr\u00e9tion.<\/li>\n<\/ol>\n<p>A bon entendeur, salut !<\/p>\n<p>Views: 1793<\/p>","protected":false},"excerpt":{"rendered":"<p>Hey, I am a Phd Student in economics. My research is about the financialization of the commodity markets. I talk about many other topics and in particular about politics. Je suis un \u00e9tudiant en doctorat d&rsquo;\u00e9conomie. J&rsquo;\u00e9cris des billets pour r\u00e2ler et parfois m&rsquo;exprimer de fa\u00e7on constructive. Je vous souhaite de trouver votre bonheur dans [&hellip;]<\/p>\n","protected":false},"author":1,"featured_media":0,"parent":0,"menu_order":0,"comment_status":"open","ping_status":"open","template":"","meta":{"footnotes":""},"class_list":["post-33","page","type-page","status-publish","hentry"],"_links":{"self":[{"href":"https:\/\/debian-economist.eu\/wp\/index.php?rest_route=\/wp\/v2\/pages\/33","targetHints":{"allow":["GET"]}}],"collection":[{"href":"https:\/\/debian-economist.eu\/wp\/index.php?rest_route=\/wp\/v2\/pages"}],"about":[{"href":"https:\/\/debian-economist.eu\/wp\/index.php?rest_route=\/wp\/v2\/types\/page"}],"author":[{"embeddable":true,"href":"https:\/\/debian-economist.eu\/wp\/index.php?rest_route=\/wp\/v2\/users\/1"}],"replies":[{"embeddable":true,"href":"https:\/\/debian-economist.eu\/wp\/index.php?rest_route=%2Fwp%2Fv2%2Fcomments&post=33"}],"version-history":[{"count":5,"href":"https:\/\/debian-economist.eu\/wp\/index.php?rest_route=\/wp\/v2\/pages\/33\/revisions"}],"predecessor-version":[{"id":304,"href":"https:\/\/debian-economist.eu\/wp\/index.php?rest_route=\/wp\/v2\/pages\/33\/revisions\/304"}],"wp:attachment":[{"href":"https:\/\/debian-economist.eu\/wp\/index.php?rest_route=%2Fwp%2Fv2%2Fmedia&parent=33"}],"curies":[{"name":"wp","href":"https:\/\/api.w.org\/{rel}","templated":true}]}}